{"id":3081,"date":"2025-05-06T19:00:29","date_gmt":"2025-05-06T22:00:29","guid":{"rendered":"https:\/\/cohabaraucaria.com.br\/processos\/?page_id=3081"},"modified":"2025-05-09T13:00:32","modified_gmt":"2025-05-09T16:00:32","slug":"atas","status":"publish","type":"page","link":"https:\/\/cohabaraucaria.com.br\/processos\/index.php\/atas\/","title":{"rendered":"Atas COHAB."},"content":{"rendered":"<h1><span style=\"color: #333333;\">Atas da Diretoria, Conselhos Fiscal e Administra\u00e7\u00e3o.<\/span><\/h1>\n\n<style>.wp-show-posts-columns#wpsp-3089 {margin-left: -1em; }.wp-show-posts-columns#wpsp-3089 .wp-show-posts-inner {margin: 0 0 1em 1em; }<\/style><section id=\"wpsp-3089\" class=\" wp-show-posts\" style=\"\"><article class=\" wp-show-posts-single wpsp-clearfix post-3057 post type-post status-publish format-standard hentry category-atas\" itemtype=\"http:\/\/schema.org\/CreativeWork\" itemscope><div class=\"wp-show-posts-inner\" style=\"\">\t\t\t\t\t\t<header class=\"wp-show-posts-entry-header\">\n\t\t\t\t\t\t\t<h3 class=\"wp-show-posts-entry-title\" itemprop=\"headline\"><a href=\"https:\/\/cohabaraucaria.com.br\/processos\/index.php\/2025\/05\/06\/conselho-fiscal\/\" rel=\"bookmark\">Conselho Fiscal<\/a><\/h3><div class=\"wp-show-posts-entry-meta wp-show-posts-entry-meta-below-title post-meta-inline\"><span class=\"wp-show-posts-posted-on wp-show-posts-meta\">\n\t\t\t\t\t<a href=\"https:\/\/cohabaraucaria.com.br\/processos\/index.php\/2025\/05\/06\/conselho-fiscal\/\" title=\"15:42\" rel=\"bookmark\"><time class=\"wp-show-posts-entry-date published\" datetime=\"2025-05-06T15:42:50-03:00\" itemprop=\"datePublished\">6 de maio de 2025<\/time><time class=\"wp-show-posts-updated\" datetime=\"2026-04-28T15:47:27-03:00\" itemprop=\"dateModified\">28 de abril de 2026<\/time><\/a>\n\t\t\t\t<\/span><\/div>\t\t\t\t\t\t<\/header><!-- .entry-header -->\n\t\t\t\t\t\t\t\t\t\t\t<div class=\"wp-show-posts-entry-content\" itemprop=\"text\">\n\t\t\t\t\t\t\t<ul>\n \t<li><a href=\"https:\/\/cohabaraucaria.com.br\/processos\/wp-content\/uploads\/2025\/05\/4-Aprovacao-contas-2025-COHAB.pdf\">4 -Aprovacao contas 2025 COHAB<\/a><\/li>\n \t<li><a href=\"https:\/\/cohabaraucaria.com.br\/processos\/wp-content\/uploads\/2025\/05\/3-Aprovacao-contas-2-e-3-trim2025-COHAB-1_assinado.pdf\">3 -Aprovacao contas 2 e 3 trim2025 COHAB-1_assinado<\/a><\/li>\n \t<li><a href=\"https:\/\/cohabaraucaria.com.br\/processos\/wp-content\/uploads\/2025\/05\/1_-Aprovacao_contas_2024_COHAB_assinado.pdf\">Aprovacao_Contas_2024<\/a><\/li>\n \t<li><a href=\"https:\/\/cohabaraucaria.com.br\/processos\/wp-content\/uploads\/2025\/05\/2_-Aprovacao_contas_1-trim2025_COHAB_assinado.pdf\">Aprovacao_Contas_1 trim2025<\/a><\/li>\n<\/ul>\t\t\t\t\t\t<\/div><!-- .entry-content -->\n\t\t\t\t\t<div class=\"wp-show-posts-entry-meta wp-show-posts-entry-meta-below-post post-meta-stack\"><span class=\"wp-show-posts-byline wp-show-posts-meta\">\n\t\t\t\t\t<span class=\"wp-show-posts-author vcard\" itemtype=\"http:\/\/schema.org\/Person\" itemscope=\"itemscope\" itemprop=\"author\">\n\t\t\t\t\t\t<a class=\"url fn n\" href=\"https:\/\/cohabaraucaria.com.br\/processos\/index.php\/author\/ozaias\/\" title=\"Ver todos os posts por Ozaias Gapski\" rel=\"author\" itemprop=\"url\">\n\t\t\t\t\t\t\t<span class=\"author-name\" itemprop=\"name\">Ozaias Gapski<\/span>\n\t\t\t\t\t\t<\/a>\n\t\t\t\t\t<\/span>\n\t\t\t\t<\/span><br \/><span class=\"wp-show-posts-terms wp-show-posts-meta\"><a href=\"https:\/\/cohabaraucaria.com.br\/processos\/index.php\/category\/atas\/\" rel=\"tag\">4. Atas - Diretoria, Conselhos Fiscal e Administra\u00e7\u00e3o<\/a><\/span><\/div><\/div><!-- wp-show-posts-inner --><div class=\"wpsp-clear\"><\/div><\/article><article class=\" wp-show-posts-single wpsp-clearfix post-3053 post type-post status-publish format-standard hentry category-atas\" itemtype=\"http:\/\/schema.org\/CreativeWork\" itemscope><div class=\"wp-show-posts-inner\" style=\"\">\t\t\t\t\t\t<header class=\"wp-show-posts-entry-header\">\n\t\t\t\t\t\t\t<h3 class=\"wp-show-posts-entry-title\" itemprop=\"headline\"><a href=\"https:\/\/cohabaraucaria.com.br\/processos\/index.php\/2025\/05\/06\/conselho-de-administracao\/\" rel=\"bookmark\">Conselho de Administra\u00e7\u00e3o<\/a><\/h3><div class=\"wp-show-posts-entry-meta wp-show-posts-entry-meta-below-title post-meta-inline\"><span class=\"wp-show-posts-posted-on wp-show-posts-meta\">\n\t\t\t\t\t<a href=\"https:\/\/cohabaraucaria.com.br\/processos\/index.php\/2025\/05\/06\/conselho-de-administracao\/\" title=\"15:38\" rel=\"bookmark\"><time class=\"wp-show-posts-entry-date published\" datetime=\"2025-05-06T15:38:12-03:00\" itemprop=\"datePublished\">6 de maio de 2025<\/time><time class=\"wp-show-posts-updated\" datetime=\"2026-04-01T10:46:17-03:00\" itemprop=\"dateModified\">1 de abril de 2026<\/time><\/a>\n\t\t\t\t<\/span><\/div>\t\t\t\t\t\t<\/header><!-- .entry-header -->\n\t\t\t\t\t\t\t\t\t\t\t<div class=\"wp-show-posts-entry-content\" itemprop=\"text\">\n\t\t\t\t\t\t\t<ul>\n<li><a href=\"https:\/\/cohabaraucaria.com.br\/processos\/wp-content\/uploads\/2025\/05\/7-23-10-25-Alteracao-Membro-Cons.-Adm..pdf\">7 23-10-25 Altera\u00e7\u00e3o Membro Cons. Adm.<\/a><\/li>\n<li><a href=\"https:\/\/cohabaraucaria.com.br\/processos\/wp-content\/uploads\/2025\/05\/1-23-02-26-Alteracao-Membro-Cons.-Adm..pdf\">1 23-02-26 Altera\u00e7\u00e3o Membro Cons. Adm.<\/a><\/li>\n<li><a href=\"https:\/\/cohabaraucaria.com.br\/processos\/wp-content\/uploads\/2025\/05\/7-23-10-25-Alteracao-Membro-Cons.-Adm.pdf\">7 23-10-25 Alteracao Membro Cons. Adm<\/a><\/li>\n<li><a href=\"https:\/\/cohabaraucaria.com.br\/processos\/wp-content\/uploads\/2026\/03\/6-25-09-25-Alteracao-de-endereco-sede-1.pdf\">6 25-09-25 Alteracao de endereco sede (1)<\/a><\/li>\n<li><a href=\"https:\/\/cohabaraucaria.com.br\/processos\/wp-content\/uploads\/2025\/05\/2-17-01-25-Nomeacao-Cons.-Adm-e-Diretores.pdf\">Nomea\u00e7\u00e3o Cons. Adm e Diretores 2025-2028<\/a><\/li>\n<li><a href=\"https:\/\/cohabaraucaria.com.br\/processos\/wp-content\/uploads\/2025\/05\/4-04-06-25-Exoneracao-Wilson-Nomeacao-Cirlene.pdf\">4 04-06-25 Exonera\u00e7\u00e3o Wilson-Nomea\u00e7\u00e3o Cirlene<\/a><\/li>\n<li><a href=\"https:\/\/cohabaraucaria.com.br\/processos\/wp-content\/uploads\/2025\/05\/3-14-03-25-Nomeacao-cons.-fiscalPRE2500197230-1.pdf\">3 14-03-25 Nomea\u00e7\u00e3o cons. fiscalPRE2500197230<\/a><\/li>\n<li><a href=\"https:\/\/cohabaraucaria.com.br\/processos\/wp-content\/uploads\/2025\/05\/1-Aprov.-contas-1trim25.pdf\">1 Aprov. contas 1trim25<\/a><\/li>\n<li><a href=\"https:\/\/cohabaraucaria.com.br\/processos\/wp-content\/uploads\/2025\/05\/5-13-08-25-Exoneracao-Clodoaldo-Nomeacao-Matheus.pdf\">5 13-08-25 Exonera\u00e7\u00e3o Clodoaldo-Nomea\u00e7\u00e3o Matheus<\/a><\/li>\n<\/ul>\n\n\n<p><\/p>\n\t\t\t\t\t\t<\/div><!-- .entry-content -->\n\t\t\t\t\t<div class=\"wp-show-posts-entry-meta wp-show-posts-entry-meta-below-post post-meta-stack\"><span class=\"wp-show-posts-byline wp-show-posts-meta\">\n\t\t\t\t\t<span class=\"wp-show-posts-author vcard\" itemtype=\"http:\/\/schema.org\/Person\" itemscope=\"itemscope\" itemprop=\"author\">\n\t\t\t\t\t\t<a class=\"url fn n\" href=\"https:\/\/cohabaraucaria.com.br\/processos\/index.php\/author\/ozaias\/\" title=\"Ver todos os posts por Ozaias Gapski\" rel=\"author\" itemprop=\"url\">\n\t\t\t\t\t\t\t<span class=\"author-name\" itemprop=\"name\">Ozaias Gapski<\/span>\n\t\t\t\t\t\t<\/a>\n\t\t\t\t\t<\/span>\n\t\t\t\t<\/span><br \/><span class=\"wp-show-posts-terms wp-show-posts-meta\"><a href=\"https:\/\/cohabaraucaria.com.br\/processos\/index.php\/category\/atas\/\" rel=\"tag\">4. Atas - Diretoria, Conselhos Fiscal e Administra\u00e7\u00e3o<\/a><\/span><\/div><\/div><!-- wp-show-posts-inner --><div class=\"wpsp-clear\"><\/div><\/article><\/section><!-- .wp-show-posts -->\n\n\n\n<p><\/p>\n","protected":false},"excerpt":{"rendered":"<p>Atas da Diretoria, Conselhos Fiscal e Administra\u00e7\u00e3o.<\/p>\n","protected":false},"author":1,"featured_media":0,"parent":0,"menu_order":0,"comment_status":"closed","ping_status":"closed","template":"","meta":{"_links_to":"","_links_to_target":""},"_links":{"self":[{"href":"https:\/\/cohabaraucaria.com.br\/processos\/index.php\/wp-json\/wp\/v2\/pages\/3081"}],"collection":[{"href":"https:\/\/cohabaraucaria.com.br\/processos\/index.php\/wp-json\/wp\/v2\/pages"}],"about":[{"href":"https:\/\/cohabaraucaria.com.br\/processos\/index.php\/wp-json\/wp\/v2\/types\/page"}],"author":[{"embeddable":true,"href":"https:\/\/cohabaraucaria.com.br\/processos\/index.php\/wp-json\/wp\/v2\/users\/1"}],"replies":[{"embeddable":true,"href":"https:\/\/cohabaraucaria.com.br\/processos\/index.php\/wp-json\/wp\/v2\/comments?post=3081"}],"version-history":[{"count":16,"href":"https:\/\/cohabaraucaria.com.br\/processos\/index.php\/wp-json\/wp\/v2\/pages\/3081\/revisions"}],"predecessor-version":[{"id":3113,"href":"https:\/\/cohabaraucaria.com.br\/processos\/index.php\/wp-json\/wp\/v2\/pages\/3081\/revisions\/3113"}],"wp:attachment":[{"href":"https:\/\/cohabaraucaria.com.br\/processos\/index.php\/wp-json\/wp\/v2\/media?parent=3081"}],"curies":[{"name":"wp","href":"https:\/\/api.w.org\/{rel}","templated":true}]}}